{"id":3262,"date":"2025-01-08T15:10:23","date_gmt":"2025-01-08T14:10:23","guid":{"rendered":"https:\/\/www.bioprospect.cz\/polityka-prywatnosci\/"},"modified":"2025-05-15T13:25:11","modified_gmt":"2025-05-15T11:25:11","slug":"polityka-prywatnosci","status":"publish","type":"page","link":"https:\/\/www.bioprospect.cz\/pl\/polityka-prywatnosci\/","title":{"rendered":"Polityka prywatno\u015bci"},"content":{"rendered":"\t\t<div data-elementor-type=\"wp-page\" data-elementor-id=\"3262\" class=\"elementor elementor-3262 elementor-3\" data-elementor-post-type=\"page\">\n\t\t\t\t<div class=\"elementor-element elementor-element-bfb615d e-flex e-con-boxed e-con e-parent\" data-id=\"bfb615d\" data-element_type=\"container\">\n\t\t\t\t\t<div class=\"e-con-inner\">\n\t\t\t\t<div class=\"elementor-element elementor-element-dbfc45c elementor-widget elementor-widget-heading\" data-id=\"dbfc45c\" data-element_type=\"widget\" data-widget_type=\"heading.default\">\n\t\t\t\t<div class=\"elementor-widget-container\">\n\t\t\t\t\t<h1 class=\"elementor-heading-title elementor-size-default\">Polityka prywatno\u015bci<\/h1>\t\t\t\t<\/div>\n\t\t\t\t<\/div>\n\t\t\t\t<div class=\"elementor-element elementor-element-379048a elementor-widget elementor-widget-text-editor\" data-id=\"379048a\" data-element_type=\"widget\" data-widget_type=\"text-editor.default\">\n\t\t\t\t<div class=\"elementor-widget-container\">\n\t\t\t\t\t\t\t\t\t<p>Sp\u00f3\u0142ka BIOPROSPECT, s.r.o., nr identyfikacyjny: 25650017 prowadzi stron\u0119 internetow\u0105 www.bioprospect.cz (\u201eOperator\u201d) i&nbsp;o\u015bwiadcza, \u017ce przetwarza dane osobowe zgodnie z&nbsp;obowi\u0105zuj\u0105cym i&nbsp;skutecznym ustawodawstwem Republiki Czeskiej w zakresie ochrony danych osobowych.<\/p><p>Niniejsza Polityka Prywatno\u015bci (\u201ePolityka\u201d) okre\u015bla, jakie dane osobowe s\u0105 gromadzone od potencjalnych klient\u00f3w podczas odwiedzania i&nbsp;korzystania ze strony internetowej www.bioprospect.cz.<\/p><h3> <\/h3><h3>Dane osobowe i&nbsp;ich przetwarzanie<\/h3><p><strong>1.1 Zakres, cel i&nbsp;podstawa prawna przetwarzania danych osobowych<\/strong><br>Za \u00fa\u010delem komunikace se z\u00e1jemci, kte\u0159\u00ed kontaktovali Provozovatele prost\u0159ednictv\u00edm n\u011bkter\u00e9ho z&nbsp;kontaktn\u00edch formul\u00e1\u0159\u016f, zpracov\u00e1v\u00e1 Provozovatel v&nbsp;roli spr\u00e1vce (na z\u00e1klad\u011b pr\u00e1vn\u00edho d\u016fvodu, kter\u00fdm je nezbytnost pro pln\u011bn\u00ed smlouvy)<br>n\u00e1sleduj\u00edc\u00ed kategorie osobn\u00edch \u00fadaj\u016f:<\/p><ul><li>imi\u0119 i&nbsp;nazwisko, adres e-mail, numer telefonu oraz, w stosownych przypadkach, inne dane podane przez Klienta podczas komunikacji z&nbsp;Operatorem.<\/li><\/ul><p><strong><br>1.2 Osoby trzecie<br><\/strong>Operator przekazuje dane osobowe nast\u0119puj\u0105cym podmiotom przetwarzaj\u0105cym:<\/p><ul><li>Facebook, Inc. z&nbsp;siedzib\u0105 pod adresem 1601 Willow Road, Menlo Park, CA 94025, USA (kierowanie reklam),<\/li><li>Google LLC, 1600 Amphitheatre Parkway Mountain View, CA 94043 USA<br>(ocena statystyczna, targetowanie reklam),<\/li><li>Seznam.cz a.s., z&nbsp;siedzib\u0105 pod adresem Radlick\u00e1 3294\/10, 15000 Praha 5 &#8211; Sm\u00edchov (kierowanie reklam),<\/li><li>Smartsupp.com, s.r.o., z&nbsp;siedzib\u0105 pod adresem Milady Hor\u00e1kov\u00e9 13, 602&nbsp;00 Brno<br>(poprawa jako\u015bci us\u0142ug i&nbsp;zapewnienie funkcjonalno\u015bci strony internetowej),<\/li><li>ewentualnie innym dostawcom oprogramowania przetwarzaj\u0105cego, us\u0142ug i&nbsp;aplikacji, kt\u00f3re jednak nie s\u0105 obecnie wykorzystywane przez Operatora.<\/li><\/ul><h3> <\/h3><h3>Bezpiecze\u0144stwo danych osobowych, zatrzymywanie danych i&nbsp;prawa os\u00f3b, kt\u00f3rych dane dotycz\u0105<\/h3><p><strong>2.1 Bezpiecze\u0144stwo danych osobowych<\/strong><\/p><p>Operator korzysta wy\u0142\u0105cznie z&nbsp;bezpiecznego dost\u0119pu do komputera oraz oprogramowania i&nbsp;us\u0142ug, kt\u00f3re spe\u0142niaj\u0105 standardowe wymogi bezpiecze\u0144stwa danych i&nbsp;standardy okre\u015blone przez Uni\u0119 Europejsk\u0105.<\/p><p>Wszyscy pracownicy Operatora s\u0105 regularnie szkoleni i&nbsp;przestrzegaj\u0105 wewn\u0119trznych przepis\u00f3w dotycz\u0105cych ochrony danych osobowych. Opr\u00f3cz \u015brodk\u00f3w technicznych, przestrzegaj\u0105 oni poufno\u015bci danych osobowych. <\/p><p><strong>2.2 Okres przechowywania<br><\/strong>Dane osobowe s\u0105 przetwarzane i&nbsp;przechowywane przez okres niezb\u0119dny do zapewnienia praw i&nbsp;obowi\u0105zk\u00f3w wynikaj\u0105cych z&nbsp;umowy oraz przez okres, przez kt\u00f3ry Operator jest zobowi\u0105zany do przechowywania danych osobowych na mocy przepis\u00f3w prawa. W innych przypadkach okres przetwarzania danych osobowych zale\u017cy od celu przetwarzania. <\/p><p><strong>2.3 Prawa os\u00f3b, kt\u00f3rych dane dotycz\u0105<br><\/strong><\/p><p>Prawa os\u00f3b, kt\u00f3rych dane osobowe s\u0105 przetwarzane przez Operatora, okre\u015blone, wraz z&nbsp;dalszymi szczeg\u00f3\u0142ami, w Rozporz\u0105dzeniu Parlamentu Europejskiego i&nbsp;Rady (UE) 2016\/679 (\u201eRozporz\u0105dzenie\u201d), obejmuj\u0105 w szczeg\u00f3lno\u015bci nast\u0119puj\u0105ce prawa: <\/p><ul><li>prawo do informacji i&nbsp;dost\u0119pu do przetwarzanych danych osobowych,<\/li><li>prawo do sprostowania nieprawid\u0142owych danych osobowych dotycz\u0105cych osoby, kt\u00f3rej dane dotycz\u0105, oraz prawo do usuni\u0119cia danych, kt\u00f3re odpowiada obowi\u0105zkowi administratora do usuni\u0119cia danych osobowych, je\u017celi spe\u0142niony jest co najmniej jeden z&nbsp;warunk\u00f3w okre\u015blonych w rozporz\u0105dzeniu,<\/li><li>prawo do przenoszenia danych osobowych, kt\u00f3re obejmuje mo\u017cliwo\u015b\u0107, pod pewnymi warunkami, uzyskania dostarczonych danych osobowych w ustrukturyzowanym, powszechnie u\u017cywanym formacie nadaj\u0105cym si\u0119 do odczytu maszynowego oraz prawo do p\u00f3\u017aniejszego przes\u0142ania tych danych innemu administratorowi; osoba, kt\u00f3rej dane dotycz\u0105, ma r\u00f3wnie\u017c prawo do tego, by na jej \u017c\u0105danie administrator przes\u0142a\u0142 jej dane osobowe innemu administratorowi w ustrukturyzowanym, powszechnie u\u017cywanym formacie nadaj\u0105cym si\u0119 do odczytu maszynowego, o&nbsp;ile jest to technicznie mo\u017cliwe,<\/li><li>prawo do ograniczenia przetwarzania danych osobowych oraz prawo do wniesienia sprzeciwu wobec przetwarzania danych osobowych, gdy przetwarzanie odbywa si\u0119 na podstawie prawnie uzasadnionych interes\u00f3w administratora lub strony trzeciej,<\/li><li>prawo do wycofania zgody na przetwarzanie danych osobowych.<br>Osoba, kt\u00f3rej dane dotycz\u0105, kt\u00f3ra uwa\u017ca, \u017ce Operator przetwarza dane osobowe z&nbsp;naruszeniem obowi\u0105zuj\u0105cych i&nbsp;skutecznych przepis\u00f3w o&nbsp;ochronie danych osobowych, mo\u017ce za\u017c\u0105da\u0107 wyja\u015bnie\u0144 lub za\u017c\u0105da\u0107 od Operatora naprawienia wadliwej sytuacji. Osoba, kt\u00f3rej dane dotycz\u0105, ma r\u00f3wnie\u017c prawo skierowa\u0107 swoje \u017c\u0105danie do organu ochrony danych. <\/li><\/ul><h3> <\/h3><h3>Inne informacje gromadzone w zwi\u0105zku z&nbsp;wizyt\u0105 w witrynie<\/h3><p><strong>3.1 \u015aledzenie sieci<br><\/strong><\/p><p>Pro zkvalitn\u011bn\u00ed slu\u017eeb a&nbsp;zaji\u0161t\u011bn\u00ed funk\u010dnosti webov\u00fdch str\u00e1nek doch\u00e1z\u00ed ke shroma\u017e\u010fov\u00e1n\u00ed a&nbsp;evidenci \u00fadaj\u016f, pomoc\u00ed kter\u00fdch je mo\u017en\u00e9 vyhodnocovat \u010dinnost u\u017eivatel\u016f na webov\u00fdch str\u00e1nk\u00e1ch a&nbsp;zpracov\u00e1vat statistick\u00e9 v\u00fdstupy. P\u0159itom jsou v\u0161echny osobn\u00ed \u00fadaje zpracov\u00e1v\u00e1ny v&nbsp;anonymizovan\u00e9 podob\u011b. <\/p><p>Aby zapewni\u0107 najbardziej przyjazne dla u\u017cytkownika strony internetowe i&nbsp;us\u0142ugi, Operator korzysta r\u00f3wnie\u017c z&nbsp;us\u0142ug Facebook, Inc. z&nbsp;siedzib\u0105 pod adresem 1601 Willow Road, Menlo Park, CA 94025, USA, Smartsupp.com, s.r.o. z&nbsp;siedzib\u0105 pod adresem Milady Hor\u00e1kov\u00e9 13, 602&nbsp;00 Brno i&nbsp;Seznam.cz a.s. z&nbsp;siedzib\u0105 pod adresem Radlick\u00e1 3294\/10, 15000 Praha 5 &#8211; Sm\u00edchov, kt\u00f3re zapewniaj\u0105 odpowiednie \u015brodki techniczne (technologie \u015bledzenia). Technologie te pomagaj\u0105 okre\u015bli\u0107, w jaki spos\u00f3b strony internetowe i&nbsp;us\u0142ugi s\u0105 wykorzystywane oraz jak poprawi\u0107 \u0142atwo\u015b\u0107 korzystania z&nbsp;nich. Pozwalaj\u0105 nam r\u00f3wnie\u017c zrozumie\u0107 zachowanie klient\u00f3w na stronie internetowej w celu \u0142atwiejszego i&nbsp;przyjemniejszego oferowania us\u0142ug.  <\/p><p>Opis poszczeg\u00f3lnych narz\u0119dzi i&nbsp;zasad przetwarzania danych osobowych mo\u017cna znale\u017a\u0107 pod nast\u0119puj\u0105cymi linkami:<\/p><p><a href=\"https:\/\/www.facebook.com\/business\/gdpr\">https:\/\/www.facebook.com\/business\/gdpr<\/a><\/p><p><a href=\"https:\/\/www.smartsupp.com\/cs\/privacy\">https:\/\/www.smartsupp.com\/cs\/privacy<\/a><\/p><p><strong>3.2 \u015aledzenie konwersji<br><\/strong>\u015aledzenie konwersji na stronie internetowej zapewnia \u015bledzenie dzia\u0142a\u0144, kt\u00f3re maj\u0105 miejsce po&nbsp;klikni\u0119ciu reklamy na stronie internetowej strony trzeciej lub po&nbsp;klikni\u0119ciu linku za po\u015brednictwem https:\/\/www.volno-os.cz umieszczonego na stronie internetowej strony trzeciej. Na podstawie tego \u015bledzenia (przy u\u017cyciu plik\u00f3w cookie konwersji) reklama us\u0142ugi jest dostosowywana do klient\u00f3w. Innym celem \u015bledzenia jest ocena, kt\u00f3ra stanowi podstaw\u0119 rozlicze\u0144. Pliki cookie konwersji nie zawieraj\u0105 danych osobowych.   <\/p><p><strong><br>3.3 Pliki dziennika<br><\/strong><\/p><p>Przegl\u0105darka internetowa odwiedzaj\u0105cego wysy\u0142a informacje o&nbsp;jego danych u\u017cytkownika za ka\u017cdym razem, gdy odwiedza stron\u0119 internetow\u0105. Transmisje danych, kt\u00f3re s\u0105 w ten spos\u00f3b przechowywane w plikach dziennika, obejmuj\u0105 nast\u0119puj\u0105ce dane: dat\u0119 i&nbsp;godzin\u0119 wizyty na stronie internetowej, adres URL odwiedzanej strony internetowej, adres IP, oryginalny adres URL, z&nbsp;kt\u00f3rego odwiedzaj\u0105cy wszed\u0142 na stron\u0119 internetow\u0105, ilo\u015b\u0107 przes\u0142anych danych oraz informacje o&nbsp;agencie u\u017cytkownika (nag\u0142\u00f3wek wysy\u0142any przez przegl\u0105darki w celu identyfikacji) wys\u0142ane przez przegl\u0105dark\u0119 internetow\u0105 odwiedzaj\u0105cego (w tym, w stosownych przypadkach, typ i&nbsp;wersj\u0119 przegl\u0105darki oraz u\u017cywany system operacyjny). <\/p><p>Ocena plik\u00f3w dziennika s\u0142u\u017cy do wykrywania b\u0142\u0119d\u00f3w i&nbsp;szybkiego ich eliminowania.<\/p><p>Ocena s\u0142u\u017cy r\u00f3wnie\u017c do zarz\u0105dzania pojemno\u015bci\u0105 serwer\u00f3w i&nbsp;pomaga poprawi\u0107 jako\u015b\u0107 oferty.<\/p><p><strong>3.4 Cookies<br><\/strong><\/p><p>Na stronie internetowej wykorzystywane s\u0105 nast\u0119puj\u0105ce pliki cookie:<\/p><ul><li>techniczne pliki cookie, kt\u00f3re s\u0105 niezb\u0119dne do zapewnienia funkcjonalno\u015bci podczas korzystania ze strony internetowej,<\/li><li>pliki cookie, kt\u00f3re pomagaj\u0105 poprawi\u0107 komfort u\u017cytkowania, u\u0142atwiaj\u0105 przegl\u0105danie i&nbsp;oferuj\u0105 klientom us\u0142ugi dostosowane do ich potrzeb, a&nbsp;tak\u017ce umo\u017cliwiaj\u0105 pomiary statystyczne lub ocen\u0119 do cel\u00f3w rozliczeniowych.<\/li><\/ul><p>Odwiedzaj\u0105cy stron\u0119 internetow\u0105 ma mo\u017cliwo\u015b\u0107 wy\u0142\u0105czenia przechowywania plik\u00f3w cookie w ustawieniach przegl\u0105darki internetowej. Mo\u017ce to spowodowa\u0107 niedost\u0119pno\u015b\u0107 niekt\u00f3rych funkcji witryny lub ograniczenie komfortu u\u017cytkowania. <\/p><h3>Kontakt<\/h3><p>W przypadku jakichkolwiek pyta\u0144, uwag i&nbsp;wniosk\u00f3w dotycz\u0105cych danych osobowych lub niniejszej Polityki, z&nbsp;Operatorem mo\u017cna skontaktowa\u0107 si\u0119 za po\u015brednictwem<\/p><p>i) e-mailov\u00e9 adresy info@bioprospect.cz nebo<\/p><p>ii) adresy uveden\u00e9 v&nbsp;\u00favodu t\u011bchto z\u00e1sad.<\/p><p><strong> <\/strong><\/p><p><strong> <\/strong><\/p>\t\t\t\t\t\t\t\t<\/div>\n\t\t\t\t<\/div>\n\t\t\t\t\t<\/div>\n\t\t\t\t<\/div>\n\t\t\t\t<\/div>\n\t\t","protected":false},"excerpt":{"rendered":"<p>Polityka prywatno\u015bci Sp\u00f3\u0142ka BIOPROSPECT, s.r.o., nr identyfikacyjny: 25650017 prowadzi stron\u0119 internetow\u0105 www.bioprospect.cz (\u201eOperator\u201d) i&nbsp;o\u015bwiadcza, \u017ce przetwarza dane osobowe zgodnie z&nbsp;obowi\u0105zuj\u0105cym i&nbsp;skutecznym ustawodawstwem Republiki Czeskiej w zakresie ochrony danych osobowych. Niniejsza Polityka Prywatno\u015bci (\u201ePolityka\u201d) okre\u015bla, jakie dane osobowe s\u0105 gromadzone od potencjalnych klient\u00f3w podczas odwiedzania i&nbsp;korzystania ze strony internetowej www.bioprospect.cz. Dane osobowe i&nbsp;ich przetwarzanie 1.1 Zakres, [&hellip;]<\/p>\n","protected":false},"author":1,"featured_media":0,"parent":0,"menu_order":0,"comment_status":"closed","ping_status":"open","template":"elementor_header_footer","meta":{"_acf_changed":false,"footnotes":""},"class_list":["post-3262","page","type-page","status-publish","hentry"],"acf":[],"yoast_head":"<!-- This site is optimized with the Yoast SEO plugin v24.5 - https:\/\/yoast.com\/wordpress\/plugins\/seo\/ -->\n<title>Polityka prywatno\u015bci - Bioprospect<\/title>\n<meta name=\"robots\" content=\"index, follow, max-snippet:-1, max-image-preview:large, max-video-preview:-1\" \/>\n<link rel=\"canonical\" href=\"https:\/\/www.bioprospect.cz\/pl\/polityka-prywatnosci\/\" \/>\n<meta property=\"og:locale\" content=\"pl_PL\" \/>\n<meta property=\"og:type\" content=\"article\" \/>\n<meta property=\"og:title\" content=\"Polityka prywatno\u015bci - Bioprospect\" \/>\n<meta property=\"og:description\" content=\"Polityka prywatno\u015bci Sp\u00f3\u0142ka BIOPROSPECT, s.r.o., nr identyfikacyjny: 25650017 prowadzi stron\u0119 internetow\u0105 www.bioprospect.cz (\u201eOperator\u201d) i&nbsp;o\u015bwiadcza, \u017ce przetwarza dane osobowe zgodnie z&nbsp;obowi\u0105zuj\u0105cym i&nbsp;skutecznym ustawodawstwem Republiki Czeskiej w zakresie ochrony danych osobowych. Niniejsza Polityka Prywatno\u015bci (\u201ePolityka\u201d) okre\u015bla, jakie dane osobowe s\u0105 gromadzone od potencjalnych klient\u00f3w podczas odwiedzania i&nbsp;korzystania ze strony internetowej www.bioprospect.cz. Dane osobowe i&nbsp;ich przetwarzanie 1.1 Zakres, [&hellip;]\" \/>\n<meta property=\"og:url\" content=\"https:\/\/www.bioprospect.cz\/pl\/polityka-prywatnosci\/\" \/>\n<meta property=\"og:site_name\" content=\"Bioprospect\" \/>\n<meta property=\"article:publisher\" content=\"https:\/\/www.facebook.com\/bioprospect\" \/>\n<meta property=\"article:modified_time\" content=\"2025-05-15T11:25:11+00:00\" \/>\n<meta property=\"og:image\" content=\"https:\/\/www.bioprospect.cz\/wp-content\/uploads\/2025\/01\/og.png\" \/>\n\t<meta property=\"og:image:width\" content=\"1920\" \/>\n\t<meta property=\"og:image:height\" content=\"1080\" \/>\n\t<meta property=\"og:image:type\" content=\"image\/png\" \/>\n<meta name=\"twitter:card\" content=\"summary_large_image\" \/>\n<meta name=\"twitter:label1\" content=\"Szacowany czas czytania\" \/>\n\t<meta name=\"twitter:data1\" content=\"6 minut\" \/>\n<script type=\"application\/ld+json\" class=\"yoast-schema-graph\">{\"@context\":\"https:\/\/schema.org\",\"@graph\":[{\"@type\":\"WebPage\",\"@id\":\"https:\/\/www.bioprospect.cz\/pl\/polityka-prywatnosci\/\",\"url\":\"https:\/\/www.bioprospect.cz\/pl\/polityka-prywatnosci\/\",\"name\":\"Polityka prywatno\u015bci - Bioprospect\",\"isPartOf\":{\"@id\":\"https:\/\/www.bioprospect.cz\/pl\/#website\"},\"datePublished\":\"2025-01-08T14:10:23+00:00\",\"dateModified\":\"2025-05-15T11:25:11+00:00\",\"breadcrumb\":{\"@id\":\"https:\/\/www.bioprospect.cz\/pl\/polityka-prywatnosci\/#breadcrumb\"},\"inLanguage\":\"pl-PL\",\"potentialAction\":[{\"@type\":\"ReadAction\",\"target\":[\"https:\/\/www.bioprospect.cz\/pl\/polityka-prywatnosci\/\"]}]},{\"@type\":\"BreadcrumbList\",\"@id\":\"https:\/\/www.bioprospect.cz\/pl\/polityka-prywatnosci\/#breadcrumb\",\"itemListElement\":[{\"@type\":\"ListItem\",\"position\":1,\"name\":\"Dom\u016f\",\"item\":\"https:\/\/www.bioprospect.cz\/pl\/cz-hlavni-stranka\/\"},{\"@type\":\"ListItem\",\"position\":2,\"name\":\"Polityka prywatno\u015bci\"}]},{\"@type\":\"WebSite\",\"@id\":\"https:\/\/www.bioprospect.cz\/pl\/#website\",\"url\":\"https:\/\/www.bioprospect.cz\/pl\/\",\"name\":\"Bioprospect\",\"description\":\"Firma Bioprospect s.r.o. byla zalo\u017eena v roce 1994. Aktivitou firmy je vlastn\u00ed p\u0159\u00edprava a \u00faprava prepar\u00e1t\u016f na likvidaci organick\u00e9ho odpadu dle specifick\u00fdch pot\u0159eb odb\u011bratele a d\u00e1le distribuce do velkoobchodn\u00edch a maloobchodn\u00edch s\u00edt\u00ed v \u010cesk\u00e9 republice, na Slovensku, v Polsku, v N\u011bmecku, ve Velk\u00e9 Brit\u00e1nii, ve Slovinsku, na Ukrajin\u011b, v Rusku a Kazachst\u00e1nu.\",\"publisher\":{\"@id\":\"https:\/\/www.bioprospect.cz\/pl\/#organization\"},\"alternateName\":\"Bioprospect s.r.o.\",\"potentialAction\":[{\"@type\":\"SearchAction\",\"target\":{\"@type\":\"EntryPoint\",\"urlTemplate\":\"https:\/\/www.bioprospect.cz\/pl\/?s={search_term_string}\"},\"query-input\":{\"@type\":\"PropertyValueSpecification\",\"valueRequired\":true,\"valueName\":\"search_term_string\"}}],\"inLanguage\":\"pl-PL\"},{\"@type\":\"Organization\",\"@id\":\"https:\/\/www.bioprospect.cz\/pl\/#organization\",\"name\":\"Bioprospect\",\"url\":\"https:\/\/www.bioprospect.cz\/pl\/\",\"logo\":{\"@type\":\"ImageObject\",\"inLanguage\":\"pl-PL\",\"@id\":\"https:\/\/www.bioprospect.cz\/pl\/#\/schema\/logo\/image\/\",\"url\":\"https:\/\/www.bioprospect.cz\/wp-content\/uploads\/2025\/01\/Komplet.png\",\"contentUrl\":\"https:\/\/www.bioprospect.cz\/wp-content\/uploads\/2025\/01\/Komplet.png\",\"width\":290,\"height\":89,\"caption\":\"Bioprospect\"},\"image\":{\"@id\":\"https:\/\/www.bioprospect.cz\/pl\/#\/schema\/logo\/image\/\"},\"sameAs\":[\"https:\/\/www.facebook.com\/bioprospect\",\"https:\/\/www.instagram.com\/bio.enzym\/\"]}]}<\/script>\n<!-- \/ Yoast SEO plugin. -->","yoast_head_json":{"title":"Polityka prywatno\u015bci - Bioprospect","robots":{"index":"index","follow":"follow","max-snippet":"max-snippet:-1","max-image-preview":"max-image-preview:large","max-video-preview":"max-video-preview:-1"},"canonical":"https:\/\/www.bioprospect.cz\/pl\/polityka-prywatnosci\/","og_locale":"pl_PL","og_type":"article","og_title":"Polityka prywatno\u015bci - Bioprospect","og_description":"Polityka prywatno\u015bci Sp\u00f3\u0142ka BIOPROSPECT, s.r.o., nr identyfikacyjny: 25650017 prowadzi stron\u0119 internetow\u0105 www.bioprospect.cz (\u201eOperator\u201d) i&nbsp;o\u015bwiadcza, \u017ce przetwarza dane osobowe zgodnie z&nbsp;obowi\u0105zuj\u0105cym i&nbsp;skutecznym ustawodawstwem Republiki Czeskiej w zakresie ochrony danych osobowych. Niniejsza Polityka Prywatno\u015bci (\u201ePolityka\u201d) okre\u015bla, jakie dane osobowe s\u0105 gromadzone od potencjalnych klient\u00f3w podczas odwiedzania i&nbsp;korzystania ze strony internetowej www.bioprospect.cz. Dane osobowe i&nbsp;ich przetwarzanie 1.1 Zakres, [&hellip;]","og_url":"https:\/\/www.bioprospect.cz\/pl\/polityka-prywatnosci\/","og_site_name":"Bioprospect","article_publisher":"https:\/\/www.facebook.com\/bioprospect","article_modified_time":"2025-05-15T11:25:11+00:00","og_image":[{"width":1920,"height":1080,"url":"https:\/\/www.bioprospect.cz\/wp-content\/uploads\/2025\/01\/og.png","type":"image\/png"}],"twitter_card":"summary_large_image","twitter_misc":{"Szacowany czas czytania":"6 minut"},"schema":{"@context":"https:\/\/schema.org","@graph":[{"@type":"WebPage","@id":"https:\/\/www.bioprospect.cz\/pl\/polityka-prywatnosci\/","url":"https:\/\/www.bioprospect.cz\/pl\/polityka-prywatnosci\/","name":"Polityka prywatno\u015bci - Bioprospect","isPartOf":{"@id":"https:\/\/www.bioprospect.cz\/pl\/#website"},"datePublished":"2025-01-08T14:10:23+00:00","dateModified":"2025-05-15T11:25:11+00:00","breadcrumb":{"@id":"https:\/\/www.bioprospect.cz\/pl\/polityka-prywatnosci\/#breadcrumb"},"inLanguage":"pl-PL","potentialAction":[{"@type":"ReadAction","target":["https:\/\/www.bioprospect.cz\/pl\/polityka-prywatnosci\/"]}]},{"@type":"BreadcrumbList","@id":"https:\/\/www.bioprospect.cz\/pl\/polityka-prywatnosci\/#breadcrumb","itemListElement":[{"@type":"ListItem","position":1,"name":"Dom\u016f","item":"https:\/\/www.bioprospect.cz\/pl\/cz-hlavni-stranka\/"},{"@type":"ListItem","position":2,"name":"Polityka prywatno\u015bci"}]},{"@type":"WebSite","@id":"https:\/\/www.bioprospect.cz\/pl\/#website","url":"https:\/\/www.bioprospect.cz\/pl\/","name":"Bioprospect","description":"Firma Bioprospect s.r.o. byla zalo\u017eena v roce 1994. Aktivitou firmy je vlastn\u00ed p\u0159\u00edprava a \u00faprava prepar\u00e1t\u016f na likvidaci organick\u00e9ho odpadu dle specifick\u00fdch pot\u0159eb odb\u011bratele a d\u00e1le distribuce do velkoobchodn\u00edch a maloobchodn\u00edch s\u00edt\u00ed v \u010cesk\u00e9 republice, na Slovensku, v Polsku, v N\u011bmecku, ve Velk\u00e9 Brit\u00e1nii, ve Slovinsku, na Ukrajin\u011b, v Rusku a Kazachst\u00e1nu.","publisher":{"@id":"https:\/\/www.bioprospect.cz\/pl\/#organization"},"alternateName":"Bioprospect s.r.o.","potentialAction":[{"@type":"SearchAction","target":{"@type":"EntryPoint","urlTemplate":"https:\/\/www.bioprospect.cz\/pl\/?s={search_term_string}"},"query-input":{"@type":"PropertyValueSpecification","valueRequired":true,"valueName":"search_term_string"}}],"inLanguage":"pl-PL"},{"@type":"Organization","@id":"https:\/\/www.bioprospect.cz\/pl\/#organization","name":"Bioprospect","url":"https:\/\/www.bioprospect.cz\/pl\/","logo":{"@type":"ImageObject","inLanguage":"pl-PL","@id":"https:\/\/www.bioprospect.cz\/pl\/#\/schema\/logo\/image\/","url":"https:\/\/www.bioprospect.cz\/wp-content\/uploads\/2025\/01\/Komplet.png","contentUrl":"https:\/\/www.bioprospect.cz\/wp-content\/uploads\/2025\/01\/Komplet.png","width":290,"height":89,"caption":"Bioprospect"},"image":{"@id":"https:\/\/www.bioprospect.cz\/pl\/#\/schema\/logo\/image\/"},"sameAs":["https:\/\/www.facebook.com\/bioprospect","https:\/\/www.instagram.com\/bio.enzym\/"]}]}},"_links":{"self":[{"href":"https:\/\/www.bioprospect.cz\/pl\/wp-json\/wp\/v2\/pages\/3262","targetHints":{"allow":["GET"]}}],"collection":[{"href":"https:\/\/www.bioprospect.cz\/pl\/wp-json\/wp\/v2\/pages"}],"about":[{"href":"https:\/\/www.bioprospect.cz\/pl\/wp-json\/wp\/v2\/types\/page"}],"author":[{"embeddable":true,"href":"https:\/\/www.bioprospect.cz\/pl\/wp-json\/wp\/v2\/users\/1"}],"replies":[{"embeddable":true,"href":"https:\/\/www.bioprospect.cz\/pl\/wp-json\/wp\/v2\/comments?post=3262"}],"version-history":[{"count":0,"href":"https:\/\/www.bioprospect.cz\/pl\/wp-json\/wp\/v2\/pages\/3262\/revisions"}],"wp:attachment":[{"href":"https:\/\/www.bioprospect.cz\/pl\/wp-json\/wp\/v2\/media?parent=3262"}],"curies":[{"name":"wp","href":"https:\/\/api.w.org\/{rel}","templated":true}]}}